{"id":589,"date":"2020-06-28T16:59:08","date_gmt":"2020-06-28T16:59:08","guid":{"rendered":"https:\/\/markadis.com.tr\/iletisim\/"},"modified":"2021-01-28T23:34:58","modified_gmt":"2021-01-28T23:34:58","slug":"contact","status":"publish","type":"page","link":"https:\/\/markadis.com.tr\/en\/contact\/","title":{"rendered":"Contact"},"content":{"rendered":"<div class=\"wpforms-container wpforms-container-full\" id=\"wpforms-1000\"><form id=\"wpforms-form-1000\" class=\"wpforms-validate wpforms-form\" data-formid=\"1000\" method=\"post\" enctype=\"multipart\/form-data\" action=\"\/en\/wp-json\/wp\/v2\/pages\/589\/\"><noscript class=\"wpforms-error-noscript\">Please enable JavaScript in your browser to complete this form.<\/noscript><div class=\"wpforms-field-container\"><div id=\"wpforms-1000-field_0-container\" class=\"wpforms-field wpforms-field-name\" data-field-id=\"0\"><label class=\"wpforms-field-label\" for=\"wpforms-1000-field_0\">Fullname <span class=\"wpforms-required-label\">*<\/span><\/label><div class=\"wpforms-field-row wpforms-field-large\"><div class=\"wpforms-field-row-block wpforms-first wpforms-one-half\"><input type=\"text\" id=\"wpforms-1000-field_0\" class=\"wpforms-field-name-first wpforms-field-required\" name=\"wpforms[fields][0][first]\" placeholder=\"First Name\" required><label for=\"wpforms-1000-field_0\" class=\"wpforms-field-sublabel after wpforms-sublabel-hide\">First<\/label><\/div><div class=\"wpforms-field-row-block wpforms-one-half\"><input type=\"text\" id=\"wpforms-1000-field_0-last\" class=\"wpforms-field-name-last wpforms-field-required\" name=\"wpforms[fields][0][last]\" placeholder=\"Last Name\" required><label for=\"wpforms-1000-field_0-last\" class=\"wpforms-field-sublabel after wpforms-sublabel-hide\">Last<\/label><\/div><\/div><\/div><div id=\"wpforms-1000-field_4-container\" class=\"wpforms-field wpforms-field-phone\" data-field-id=\"4\"><label class=\"wpforms-field-label\" for=\"wpforms-1000-field_4\">Your telephone number <span class=\"wpforms-required-label\">*<\/span><\/label><input type=\"tel\" id=\"wpforms-1000-field_4\" class=\"wpforms-field-large wpforms-field-required wpforms-smart-phone-field\" data-rule-smart-phone-field=\"true\" name=\"wpforms[fields][4]\" placeholder=\"0 555 55 55 55\" required><\/div><div id=\"wpforms-1000-field_1-container\" class=\"wpforms-field wpforms-field-email\" data-field-id=\"1\"><label class=\"wpforms-field-label\" for=\"wpforms-1000-field_1\">E-Mail Address <span class=\"wpforms-required-label\">*<\/span><\/label><input type=\"email\" id=\"wpforms-1000-field_1\" class=\"wpforms-field-large wpforms-field-required\" name=\"wpforms[fields][1]\" required><\/div><div id=\"wpforms-1000-field_9-container\" class=\"wpforms-field wpforms-field-select\" data-field-id=\"9\"><label class=\"wpforms-field-label\" for=\"wpforms-1000-field_9\">Topic <span class=\"wpforms-required-label\">*<\/span><\/label><select id=\"wpforms-1000-field_9\" class=\"wpforms-field-large wpforms-field-required\" name=\"wpforms[fields][9]\" required=\"required\"><option value=\"Help\" >Help<\/option><option value=\"Information\" >Information<\/option><option value=\"Wishes and Complaints\" >Wishes and Complaints<\/option><option value=\"Other\" >Other<\/option><\/select><\/div><div id=\"wpforms-1000-field_2-container\" class=\"wpforms-field wpforms-field-textarea\" data-field-id=\"2\"><label class=\"wpforms-field-label\" for=\"wpforms-1000-field_2\">Your message <span class=\"wpforms-required-label\">*<\/span><\/label><textarea id=\"wpforms-1000-field_2\" class=\"wpforms-field-medium wpforms-field-required\" name=\"wpforms[fields][2]\" required><\/textarea><\/div><\/div><div class=\"wpforms-field wpforms-field-hp\"><label for=\"wpforms-1000-field-hp\" class=\"wpforms-field-label\">Website<\/label><input type=\"text\" name=\"wpforms[hp]\" id=\"wpforms-1000-field-hp\" class=\"wpforms-field-medium\"><\/div><div class=\"wpforms-submit-container\" ><input type=\"hidden\" name=\"wpforms[id]\" value=\"1000\"><input type=\"hidden\" name=\"wpforms[author]\" value=\"1\"><button type=\"submit\" name=\"wpforms[submit]\" class=\"wpforms-submit \" id=\"wpforms-submit-1000\" value=\"wpforms-submit\" aria-live=\"assertive\" data-alt-text=\"SEnding ...\" data-submit-text=\"Send\">Send<\/button><\/div><\/form><\/div>  <!-- .wpforms-container -->\n","protected":false},"excerpt":{"rendered":"","protected":false},"author":1,"featured_media":0,"parent":0,"menu_order":0,"comment_status":"closed","ping_status":"closed","template":"templates\/iletisim.php","meta":{"om_disable_all_campaigns":false,"_mi_skip_tracking":false},"yoast_head":"<!-- This site is optimized with the Yoast SEO plugin v14.4.1 - https:\/\/yoast.com\/wordpress\/plugins\/seo\/ -->\n<title>Contact &laquo; Marka Di\u015f - \u00d6zel A\u011f\u0131z ve Di\u015f Sa\u011fl\u0131\u011f\u0131 Merkezi Poliklini\u011fi<\/title>\n<meta name=\"robots\" content=\"index, follow\" \/>\n<meta name=\"googlebot\" content=\"index, follow, max-snippet:-1, max-image-preview:large, max-video-preview:-1\" \/>\n<meta name=\"bingbot\" content=\"index, follow, max-snippet:-1, max-image-preview:large, max-video-preview:-1\" \/>\n<link rel=\"canonical\" href=\"https:\/\/markadis.com.tr\/en\/contact\/\" \/>\n<meta property=\"og:locale\" content=\"en_US\" \/>\n<meta property=\"og:type\" content=\"article\" \/>\n<meta property=\"og:title\" content=\"Contact &laquo; Marka Di\u015f - \u00d6zel A\u011f\u0131z ve Di\u015f Sa\u011fl\u0131\u011f\u0131 Merkezi Poliklini\u011fi\" \/>\n<meta property=\"og:url\" content=\"https:\/\/markadis.com.tr\/en\/contact\/\" \/>\n<meta property=\"og:site_name\" content=\"Marka Di\u015f - \u00d6zel A\u011f\u0131z ve Di\u015f Sa\u011fl\u0131\u011f\u0131 Merkezi Poliklini\u011fi\" \/>\n<meta property=\"article:publisher\" content=\"https:\/\/www.facebook.com\/MarkaDisMerkezi\/\" \/>\n<meta property=\"article:modified_time\" content=\"2021-01-28T23:34:58+00:00\" \/>\n<meta name=\"twitter:card\" content=\"summary_large_image\" \/>\n<script type=\"application\/ld+json\" class=\"yoast-schema-graph\">{\"@context\":\"https:\/\/schema.org\",\"@graph\":[{\"@type\":\"WebSite\",\"@id\":\"https:\/\/markadis.com.tr\/en\/#website\",\"url\":\"https:\/\/markadis.com.tr\/en\/\",\"name\":\"Marka Di\\u015f - \\u00d6zel Marka A\\u011f\\u0131z ve Di\\u015f Sa\\u011fl\\u0131k Merkezi\",\"description\":\"\",\"potentialAction\":[{\"@type\":\"SearchAction\",\"target\":\"https:\/\/markadis.com.tr\/en\/?s={search_term_string}\",\"query-input\":\"required name=search_term_string\"}],\"inLanguage\":\"en-US\"},{\"@type\":\"WebPage\",\"@id\":\"https:\/\/markadis.com.tr\/en\/contact\/#webpage\",\"url\":\"https:\/\/markadis.com.tr\/en\/contact\/\",\"name\":\"Contact &laquo; Marka Di\\u015f - \\u00d6zel A\\u011f\\u0131z ve Di\\u015f Sa\\u011fl\\u0131\\u011f\\u0131 Merkezi Poliklini\\u011fi\",\"isPartOf\":{\"@id\":\"https:\/\/markadis.com.tr\/en\/#website\"},\"datePublished\":\"2020-06-28T16:59:08+00:00\",\"dateModified\":\"2021-01-28T23:34:58+00:00\",\"inLanguage\":\"en-US\",\"potentialAction\":[{\"@type\":\"ReadAction\",\"target\":[\"https:\/\/markadis.com.tr\/en\/contact\/\"]}]}]}<\/script>\n<!-- \/ Yoast SEO plugin. -->","_links":{"self":[{"href":"https:\/\/markadis.com.tr\/en\/wp-json\/wp\/v2\/pages\/589\/"}],"collection":[{"href":"https:\/\/markadis.com.tr\/en\/wp-json\/wp\/v2\/pages\/"}],"about":[{"href":"https:\/\/markadis.com.tr\/en\/wp-json\/wp\/v2\/types\/page\/"}],"author":[{"embeddable":true,"href":"https:\/\/markadis.com.tr\/en\/wp-json\/wp\/v2\/users\/1\/"}],"replies":[{"embeddable":true,"href":"https:\/\/markadis.com.tr\/en\/wp-json\/wp\/v2\/comments\/?post=589"}],"version-history":[{"count":2,"href":"https:\/\/markadis.com.tr\/en\/wp-json\/wp\/v2\/pages\/589\/revisions\/"}],"predecessor-version":[{"id":1002,"href":"https:\/\/markadis.com.tr\/en\/wp-json\/wp\/v2\/pages\/589\/revisions\/1002\/"}],"wp:attachment":[{"href":"https:\/\/markadis.com.tr\/en\/wp-json\/wp\/v2\/media\/?parent=589"}],"curies":[{"name":"wp","href":"https:\/\/api.w.org\/{rel}","templated":true}]}}