{"id":653,"date":"2020-06-28T01:44:09","date_gmt":"2020-06-28T01:44:09","guid":{"rendered":"https:\/\/markadis.com.tr\/kurumsal\/"},"modified":"2020-11-06T06:20:59","modified_gmt":"2020-11-06T06:20:59","slug":"corporate","status":"publish","type":"page","link":"https:\/\/markadis.com.tr\/en\/corporate\/","title":{"rendered":"Corporate"},"content":{"rendered":"<h2> About Us <\/h2>\n<p>In the last quarter of 2015, we brought the first and only A Type oral and dental health center to our region.<\/p>\n<p>In our center, which closely follows the developing technology, treatment satisfaction is our first goal. In our center; oral diagnosis and radiology (initial examination and x-ray), jaw surgery, implantology, orthodontics (wire treatment), conservative dental treatment (dental filling), endodontics (root canal treatment), pedodontics (child oral and dental health), periodontology (gum treatment) ) units, we have an operating room where procedures are performed under general anesthesia, and we are able to produce solutions for all problems that may be encountered in oral and dental health.<\/p>\n<p>Private Marka Oral and Dental Health Center will continue to renew itself every day in order to provide healthier service with its expert staff and friendly staff.<\/p>\n<div class = \"row\">\n<div class = \"col-6\">\n<h2> Our Mission <\/h2>\n<p>As Private Brand Oral and Dental Health Center, to inform patients about preventive and preventive oral and dental health in Kocaeli and to provide solutions to patients&#8217; aesthetic and functional needs related to dental health by using up-to-date technologies, in a smiling face, in a hygienic environment, with respect to ethical values \u200b\u200band with high service quality. \u2026<\/p>\n<\/div>\n<div class = \"col-6\">\n<h2> Our Vision <\/h2>\n<p>To create a working system and conditions that will meet the expectations of our patients based on human values.<br \/>\nTo provide modern, high standard and quality oral and dental health services.<br \/>\nTo set an example for our colleagues by raising the standards of oral and dental health services.<\/p>\n<\/div>\n<\/div>\n<h2> Our Quality Policy <\/h2>\n<p>Under the leadership and responsibility of the management, with the voluntary participation of all employees; To realize the patient-oriented service approach as a philosophy and lifestyle in the treatment activities of all dentistry branches by continuously improving human resources, processes and systems.<br \/>\nThis policy is built on the following foundations; With the voluntary participation of the employees and the cooperation of the management, \u201cthe satisfaction of the patients is directly proportional to the satisfaction of the employees\u201d. Therefore, it is our priority to create a safe and peaceful work environment for our employees, to improve internal communication and to respond to the needs of our employees at the maximum level. This understanding will enable employees to take a voluntary role in quality processes. Continuous Improvement and management with targets have made continuous improvement efforts a part of its corporate culture by targeting the better since the day our health institution was founded. In this direction; The cycle of &#8220;plan, do, check, mature&#8221; is operated in all processes.<\/p>\n<h2> Our Corporate Values \u200b\u200b<\/h2>\n<p>To behave and work with the awareness of our duties and responsibilities Knowing the requirements of the job well, to put it into practice, to give importance to Experience, Continuous Development and Change. To give importance to team spirit. Taking an active role in achieving common goals in cooperation by sharing experiences and fulfilling their responsibilities. To provide services based on trust by acting in accordance with business ethics and honest working principles To serve colleagues, patients, relatives and individuals who are responsible and sensitive to the events, who know and fulfill their duties and responsibilities; to provide effective health care. To raise awareness of patients, patients&#8217; relatives and employees about a healthy life and to contribute to the formation of a healthy society by creating strong individuals in terms of physical, mental, social and mental health, to be the smiling face of health.To give importance to Employee Satisfaction. To empathize with the eyes of the employee in each unit. To provide patient-oriented, high-quality, safe and literature-compliant healthcare services and to always protect patients&#8217; rights. To establish and implement reliable and effective communication with all stakeholders, our employees, patients and their relatives. To provide financial discipline and sustainability in the institution by providing the right service at the right time with the least cost. To ensure the structural and regular improvement and development of the Total Quality culture and its implementation in our center.<\/p>\n","protected":false},"excerpt":{"rendered":"<p>About Us In the last quarter of 2015, we brought the first and only A Type oral and dental health center to our region. In<\/p>\n<div class=\"clearfix\"><\/div>\n<p><a href=\"https:\/\/markadis.com.tr\/en\/corporate\/\" class=\"read-more\">Read More <i class=\"fa fa-chevron-right\" aria-hidden=\"true\"><\/i><\/a><\/p>\n","protected":false},"author":1,"featured_media":0,"parent":0,"menu_order":0,"comment_status":"closed","ping_status":"closed","template":"templates\/kurumsal.php","meta":{"om_disable_all_campaigns":false,"_mi_skip_tracking":false},"yoast_head":"<!-- This site is optimized with the Yoast SEO plugin v14.4.1 - https:\/\/yoast.com\/wordpress\/plugins\/seo\/ -->\n<title>Corporate &laquo; Marka Di\u015f - \u00d6zel A\u011f\u0131z ve Di\u015f Sa\u011fl\u0131\u011f\u0131 Merkezi Poliklini\u011fi<\/title>\n<meta name=\"robots\" content=\"index, follow\" \/>\n<meta name=\"googlebot\" content=\"index, follow, max-snippet:-1, max-image-preview:large, max-video-preview:-1\" \/>\n<meta name=\"bingbot\" content=\"index, follow, max-snippet:-1, max-image-preview:large, max-video-preview:-1\" \/>\n<link rel=\"canonical\" href=\"https:\/\/markadis.com.tr\/en\/corporate\/\" \/>\n<meta property=\"og:locale\" content=\"en_US\" \/>\n<meta property=\"og:type\" content=\"article\" \/>\n<meta property=\"og:title\" content=\"Corporate &laquo; Marka Di\u015f - \u00d6zel A\u011f\u0131z ve Di\u015f Sa\u011fl\u0131\u011f\u0131 Merkezi Poliklini\u011fi\" \/>\n<meta property=\"og:description\" content=\"About Us In the last quarter of 2015, we brought the first and only A Type oral and dental health center to our region. InRead More\" \/>\n<meta property=\"og:url\" content=\"https:\/\/markadis.com.tr\/en\/corporate\/\" \/>\n<meta property=\"og:site_name\" content=\"Marka Di\u015f - \u00d6zel A\u011f\u0131z ve Di\u015f Sa\u011fl\u0131\u011f\u0131 Merkezi Poliklini\u011fi\" \/>\n<meta property=\"article:publisher\" content=\"https:\/\/www.facebook.com\/MarkaDisMerkezi\/\" \/>\n<meta property=\"article:modified_time\" content=\"2020-11-06T06:20:59+00:00\" \/>\n<meta name=\"twitter:card\" content=\"summary_large_image\" \/>\n<script type=\"application\/ld+json\" class=\"yoast-schema-graph\">{\"@context\":\"https:\/\/schema.org\",\"@graph\":[{\"@type\":\"WebSite\",\"@id\":\"https:\/\/markadis.com.tr\/en\/#website\",\"url\":\"https:\/\/markadis.com.tr\/en\/\",\"name\":\"Marka Di\\u015f - \\u00d6zel Marka A\\u011f\\u0131z ve Di\\u015f Sa\\u011fl\\u0131k Merkezi\",\"description\":\"\",\"potentialAction\":[{\"@type\":\"SearchAction\",\"target\":\"https:\/\/markadis.com.tr\/en\/?s={search_term_string}\",\"query-input\":\"required name=search_term_string\"}],\"inLanguage\":\"en-US\"},{\"@type\":\"WebPage\",\"@id\":\"https:\/\/markadis.com.tr\/en\/corporate\/#webpage\",\"url\":\"https:\/\/markadis.com.tr\/en\/corporate\/\",\"name\":\"Corporate &laquo; Marka Di\\u015f - \\u00d6zel A\\u011f\\u0131z ve Di\\u015f Sa\\u011fl\\u0131\\u011f\\u0131 Merkezi Poliklini\\u011fi\",\"isPartOf\":{\"@id\":\"https:\/\/markadis.com.tr\/en\/#website\"},\"datePublished\":\"2020-06-28T01:44:09+00:00\",\"dateModified\":\"2020-11-06T06:20:59+00:00\",\"inLanguage\":\"en-US\",\"potentialAction\":[{\"@type\":\"ReadAction\",\"target\":[\"https:\/\/markadis.com.tr\/en\/corporate\/\"]}]}]}<\/script>\n<!-- \/ Yoast SEO plugin. -->","_links":{"self":[{"href":"https:\/\/markadis.com.tr\/en\/wp-json\/wp\/v2\/pages\/653\/"}],"collection":[{"href":"https:\/\/markadis.com.tr\/en\/wp-json\/wp\/v2\/pages\/"}],"about":[{"href":"https:\/\/markadis.com.tr\/en\/wp-json\/wp\/v2\/types\/page\/"}],"author":[{"embeddable":true,"href":"https:\/\/markadis.com.tr\/en\/wp-json\/wp\/v2\/users\/1\/"}],"replies":[{"embeddable":true,"href":"https:\/\/markadis.com.tr\/en\/wp-json\/wp\/v2\/comments\/?post=653"}],"version-history":[{"count":3,"href":"https:\/\/markadis.com.tr\/en\/wp-json\/wp\/v2\/pages\/653\/revisions\/"}],"predecessor-version":[{"id":687,"href":"https:\/\/markadis.com.tr\/en\/wp-json\/wp\/v2\/pages\/653\/revisions\/687\/"}],"wp:attachment":[{"href":"https:\/\/markadis.com.tr\/en\/wp-json\/wp\/v2\/media\/?parent=653"}],"curies":[{"name":"wp","href":"https:\/\/api.w.org\/{rel}","templated":true}]}}